{"id":4033,"date":"2019-10-08T12:55:35","date_gmt":"2019-10-08T12:55:35","guid":{"rendered":"http:\/\/www.discoverydistribuidora.com.br\/?page_id=4033"},"modified":"2019-10-08T12:55:35","modified_gmt":"2019-10-08T12:55:35","slug":"politicas","status":"publish","type":"page","link":"http:\/\/infopay.net.br\/?page_id=4033","title":{"rendered":"Pol\u00edticas"},"content":{"rendered":"\t\t<div data-elementor-type=\"wp-post\" data-elementor-id=\"4033\" class=\"elementor elementor-4033\" data-elementor-post-type=\"page\">\n\t\t\t\t\t\t<section class=\"elementor-section elementor-top-section elementor-element elementor-element-38898e3 elementor-section-boxed elementor-section-height-default elementor-section-height-default\" data-id=\"38898e3\" data-element_type=\"section\">\n\t\t\t\t\t\t<div class=\"elementor-container elementor-column-gap-default\">\n\t\t\t\t\t<div class=\"elementor-column elementor-col-100 elementor-top-column elementor-element elementor-element-6dca1d2\" data-id=\"6dca1d2\" data-element_type=\"column\">\n\t\t\t<div class=\"elementor-widget-wrap elementor-element-populated\">\n\t\t\t\t\t\t<div class=\"elementor-element elementor-element-e826349 elementor-widget elementor-widget-spacer\" data-id=\"e826349\" data-element_type=\"widget\" data-widget_type=\"spacer.default\">\n\t\t\t\t<div class=\"elementor-widget-container\">\n\t\t\t\t\t\t\t<div class=\"elementor-spacer\">\n\t\t\t<div class=\"elementor-spacer-inner\"><\/div>\n\t\t<\/div>\n\t\t\t\t\t\t<\/div>\n\t\t\t\t<\/div>\n\t\t\t\t<div class=\"elementor-element elementor-element-fa01c95 elementor-widget elementor-widget-heading\" data-id=\"fa01c95\" data-element_type=\"widget\" data-widget_type=\"heading.default\">\n\t\t\t\t<div class=\"elementor-widget-container\">\n\t\t\t\t\t<h2 class=\"elementor-heading-title elementor-size-default\">DEVOLU\u00c7\u00c3O POR ARREPENDIMENTO \/ DESIST\u00caNCIA <\/h2>\t\t\t\t<\/div>\n\t\t\t\t<\/div>\n\t\t\t\t<div class=\"elementor-element elementor-element-02f75be elementor-widget elementor-widget-text-editor\" data-id=\"02f75be\" data-element_type=\"widget\" data-widget_type=\"text-editor.default\">\n\t\t\t\t<div class=\"elementor-widget-container\">\n\t\t\t\t\t\t\t\t\t<p>Se ao receber o produto, voc\u00ea resolver devolv\u00ea-lo por arrependimento, dever\u00e1 faz\u00ea-lo em at\u00e9 sete dias corridos, a contar da data de recebimento. Observando as seguintes condi\u00e7\u00f5es:<\/p><p>O produto n\u00e3o poder\u00e1 ter ind\u00edcios de uso.<\/p><p>O produto dever\u00e1 ser encaminhado preferencialmente na embalagem original, acompanhado de nota fiscal, etiquetas, tag&#8217;s (etiqueta com c\u00f3digo de refer\u00eancia do produto) devidamente fixada no produto e todos os seus acess\u00f3rios.<\/p><p>Ao efetuar o processo de devolu\u00e7\u00e3o o cliente dever\u00e1 no verso da nota fiscal a ser devolvida, informar o motivo da recusa\/devolu\u00e7\u00e3o, o nome de quem est\u00e1 devolvendo, CPF e a data da devolu\u00e7\u00e3o.<\/p>\t\t\t\t\t\t\t\t<\/div>\n\t\t\t\t<\/div>\n\t\t\t\t\t<\/div>\n\t\t<\/div>\n\t\t\t\t\t<\/div>\n\t\t<\/section>\n\t\t\t\t<section class=\"elementor-section elementor-top-section elementor-element elementor-element-aa2f1f3 elementor-section-boxed elementor-section-height-default elementor-section-height-default\" data-id=\"aa2f1f3\" data-element_type=\"section\">\n\t\t\t\t\t\t<div class=\"elementor-container elementor-column-gap-default\">\n\t\t\t\t\t<div class=\"elementor-column elementor-col-100 elementor-top-column elementor-element elementor-element-8196da3\" data-id=\"8196da3\" data-element_type=\"column\">\n\t\t\t<div class=\"elementor-widget-wrap elementor-element-populated\">\n\t\t\t\t\t\t<div class=\"elementor-element elementor-element-72dbe0b elementor-widget elementor-widget-heading\" data-id=\"72dbe0b\" data-element_type=\"widget\" data-widget_type=\"heading.default\">\n\t\t\t\t<div class=\"elementor-widget-container\">\n\t\t\t\t\t<h2 class=\"elementor-heading-title elementor-size-default\">TROCA DE PRODUTO<\/h2>\t\t\t\t<\/div>\n\t\t\t\t<\/div>\n\t\t\t\t<div class=\"elementor-element elementor-element-912e24c elementor-widget elementor-widget-text-editor\" data-id=\"912e24c\" data-element_type=\"widget\" data-widget_type=\"text-editor.default\">\n\t\t\t\t<div class=\"elementor-widget-container\">\n\t\t\t\t\t\t\t\t\t<p>A troca poder\u00e1 ser efetuada por produtos de mesma refer\u00eancia (modelo). O prazo para solicita\u00e7\u00e3o de troca do produto \u00e9 de trinta (30) dias corridos ap\u00f3s o recebimento.<\/p>\t\t\t\t\t\t\t\t<\/div>\n\t\t\t\t<\/div>\n\t\t\t\t\t<\/div>\n\t\t<\/div>\n\t\t\t\t\t<\/div>\n\t\t<\/section>\n\t\t\t\t<\/div>\n\t\t","protected":false},"excerpt":{"rendered":"<p>DEVOLU\u00c7\u00c3O POR ARREPENDIMENTO \/ DESIST\u00caNCIA Se ao receber o produto, voc\u00ea resolver devolv\u00ea-lo por arrependimento, dever\u00e1 faz\u00ea-lo em at\u00e9 sete dias corridos, a contar da data de recebimento. Observando as seguintes condi\u00e7\u00f5es: O produto n\u00e3o poder\u00e1 ter ind\u00edcios de uso. O produto dever\u00e1 ser encaminhado preferencialmente na embalagem original, acompanhado de nota fiscal, etiquetas, tag&#8217;s [&hellip;]<\/p>\n","protected":false},"author":1,"featured_media":0,"parent":0,"menu_order":0,"comment_status":"closed","ping_status":"closed","template":"","meta":{"_joinchat":[],"footnotes":""},"class_list":["post-4033","page","type-page","status-publish","hentry"],"_links":{"self":[{"href":"http:\/\/infopay.net.br\/index.php?rest_route=\/wp\/v2\/pages\/4033","targetHints":{"allow":["GET"]}}],"collection":[{"href":"http:\/\/infopay.net.br\/index.php?rest_route=\/wp\/v2\/pages"}],"about":[{"href":"http:\/\/infopay.net.br\/index.php?rest_route=\/wp\/v2\/types\/page"}],"author":[{"embeddable":true,"href":"http:\/\/infopay.net.br\/index.php?rest_route=\/wp\/v2\/users\/1"}],"replies":[{"embeddable":true,"href":"http:\/\/infopay.net.br\/index.php?rest_route=%2Fwp%2Fv2%2Fcomments&post=4033"}],"version-history":[{"count":0,"href":"http:\/\/infopay.net.br\/index.php?rest_route=\/wp\/v2\/pages\/4033\/revisions"}],"wp:attachment":[{"href":"http:\/\/infopay.net.br\/index.php?rest_route=%2Fwp%2Fv2%2Fmedia&parent=4033"}],"curies":[{"name":"wp","href":"https:\/\/api.w.org\/{rel}","templated":true}]}}